{"id":2,"date":"2023-02-22T14:46:43","date_gmt":"2023-02-22T13:46:43","guid":{"rendered":"http:\/\/papychz.cluster031.hosting.ovh.net\/?page_id=2"},"modified":"2024-03-20T18:32:06","modified_gmt":"2024-03-20T17:32:06","slug":"bienvenida","status":"publish","type":"page","link":"https:\/\/papycha-dofustouch.com\/","title":{"rendered":"Bienvenida"},"content":{"rendered":"\n<p>Encontrar\u00e1n en mi bazar todo lo que necesitan para comenzar o continuar su aventura en el Mundo de los Doce de DOFUS Touch. Descubrir\u00e1n un mont\u00f3n de informaci\u00f3n esparcida por este bazar, especialmente sobre:<br><\/p>\n\n\n\n<div class=\"wp-block-columns is-layout-flex wp-container-core-columns-is-layout-9d6595d7 wp-block-columns-is-layout-flex\">\n<div class=\"wp-block-column is-layout-flow wp-block-column-is-layout-flow\">\n<a href=https:\/\/papycha-dofustouch.com\">\n<img decoding=\"async\" src=\"https:\/\/papycha-dofustouch.com\/wp-content\/uploads\/2024\/02\/GIF_donjons.gif\" href=\"toto\" class=\"image-hover-donjon\">\n<\/a>\n<\/div>\n\n\n\n<div class=\"wp-block-column is-layout-flow wp-block-column-is-layout-flow\">\n<a href=\"https:\/\/papycha-dofustouch.com\">\n<img decoding=\"async\" src=\"https:\/\/papycha-dofustouch.com\/wp-content\/uploads\/2024\/02\/tanieres_gif.gif\" class=\"image-hover-taniere\">\n<\/a>\n<\/div>\n<\/div>\n\n\n\n<div class=\"wp-block-columns is-layout-flex wp-container-core-columns-is-layout-9d6595d7 wp-block-columns-is-layout-flex\">\n<div class=\"wp-block-column is-layout-flow wp-block-column-is-layout-flow\">\n<a href=\"https:\/\/papycha-dofustouch.com\">\n<img decoding=\"async\" src=\"https:\/\/papycha-dofustouch.com\/wp-content\/uploads\/2024\/02\/quetes_gif.gif\" class=\"image-hover-quete\">\n<\/a>\n<\/div>\n\n\n\n<div class=\"wp-block-column is-layout-flow wp-block-column-is-layout-flow\">\n<a href=\"https:\/\/papycha-dofustouch.com\">\n<img decoding=\"async\" src=\"https:\/\/papycha-dofustouch.com\/wp-content\/uploads\/2024\/02\/Chemins_gif-1.gif\" class=\"image-hover-chemin\">\n<\/a>\n<\/div>\n<\/div>\n\n\n\n<div class=\"wp-block-columns is-layout-flex wp-container-core-columns-is-layout-9d6595d7 wp-block-columns-is-layout-flex\">\n<div class=\"wp-block-column is-layout-flow wp-block-column-is-layout-flow\">\n<a href=\"https:\/\/papycha-dofustouch.com\">\n<img decoding=\"async\" src=\"https:\/\/papycha-dofustouch.com\/wp-content\/uploads\/2024\/02\/guide_gif.gif\" class=\"image-hover-guide\">\n<\/a>\n<\/div>\n\n\n\n<div class=\"wp-block-column is-layout-flow wp-block-column-is-layout-flow\">\n<a href=\"https:\/\/papycha-dofustouch.com\">\n<img decoding=\"async\" src=\"https:\/\/papycha-dofustouch.com\/wp-content\/uploads\/2024\/02\/Actualites_gif_2.gif\" class=\"image-hover-actu\">\n<\/a>\n<\/div>\n<\/div>\n\n\n\n<p>Papycha tambi\u00e9n tiene un servidor de Discord para ayudarles de manera m\u00e1s directa en caso de necesidad y para responder a sus diversas preguntas. \u00a1Hagan clic aqu\u00ed para unirse!<\/p>\n\n\n\n<p>Si desean contribuir al sitio, tambi\u00e9n pueden contactarnos all\u00ed.<\/p>\n\n\n\n<p>\u00a1Buena visita!<\/p>\n","protected":false},"excerpt":{"rendered":"<p>Encontrar\u00e1n en mi bazar todo lo que necesitan para comenzar o continuar su aventura en el Mundo de los Doce de DOFUS Touch. Descubrir\u00e1n un mont\u00f3n de informaci\u00f3n esparcida por <a href=\"https:\/\/papycha-dofustouch.com\/\" class=\"more-link\">[&hellip;]<\/a><\/p>\n","protected":false},"author":1,"featured_media":0,"parent":0,"menu_order":0,"comment_status":"closed","ping_status":"closed","template":"","meta":{"Layout":"","footnotes":""},"class_list":["entry","author-admin","post-2","page","type-page","status-publish"],"aioseo_notices":[],"_links":{"self":[{"href":"https:\/\/papycha-dofustouch.com\/index.php\/wp-json\/wp\/v2\/pages\/2","targetHints":{"allow":["GET"]}}],"collection":[{"href":"https:\/\/papycha-dofustouch.com\/index.php\/wp-json\/wp\/v2\/pages"}],"about":[{"href":"https:\/\/papycha-dofustouch.com\/index.php\/wp-json\/wp\/v2\/types\/page"}],"author":[{"embeddable":true,"href":"https:\/\/papycha-dofustouch.com\/index.php\/wp-json\/wp\/v2\/users\/1"}],"replies":[{"embeddable":true,"href":"https:\/\/papycha-dofustouch.com\/index.php\/wp-json\/wp\/v2\/comments?post=2"}],"version-history":[{"count":4,"href":"https:\/\/papycha-dofustouch.com\/index.php\/wp-json\/wp\/v2\/pages\/2\/revisions"}],"predecessor-version":[{"id":29,"href":"https:\/\/papycha-dofustouch.com\/index.php\/wp-json\/wp\/v2\/pages\/2\/revisions\/29"}],"wp:attachment":[{"href":"https:\/\/papycha-dofustouch.com\/index.php\/wp-json\/wp\/v2\/media?parent=2"}],"curies":[{"name":"wp","href":"https:\/\/api.w.org\/{rel}","templated":true}]}}